{"id":98,"date":"2016-10-15T14:12:37","date_gmt":"2016-10-15T12:12:37","guid":{"rendered":"http:\/\/jonsdekkogfelg.no\/?page_id=98"},"modified":"2016-10-15T14:12:37","modified_gmt":"2016-10-15T12:12:37","slug":"timebestilling-dekkskift","status":"publish","type":"page","link":"http:\/\/jd-f.no\/?page_id=98","title":{"rendered":"Timebestilling Dekkskift"},"content":{"rendered":"<div id=\"vfb-form-2\" class=\"visual-form-builder-container\"><form id=\"dekkskift-2\" class=\"visual-form-builder vfb-form-2 \" method=\"post\" enctype=\"multipart\/form-data\">\n\t\t\t<input type=\"hidden\" name=\"form_id\" value=\"2\" \/><fieldset class=\"vfb-fieldset vfb-fieldset-1 jons-dekk-felg-as \" id=\"item-vfb-14\"><div class=\"vfb-legend\"><h3>JONS DEKK &amp; FELG AS<\/h3><\/div><ul class=\"vfb-section vfb-section-1\"><div id=\"item-vfb-21\" class=\"vfb-section-div \"><h4>Timebestilling fra dette skjema er ikke \u00abOnline booking\u00bb og behandles manuelt. Derfor er det st\u00f8rst sjanse for \u00e5 f\u00e5 \u00f8nsket tidspunkt ved \u00e5 bestille noen dager frem i tid!<\/h4><\/div><div class=\"vfb-clear\"><\/div><li class=\"vfb-item vfb-item-text  \" id=\"item-vfb-22\"><label for=\"vfb-22\" class=\"vfb-desc\">Navn:  <span class=\"vfb-required-asterisk\">*<\/span><\/label><input type=\"text\" name=\"vfb-22\" id=\"vfb-22\" value=\"\" class=\"vfb-text  vfb-medium  required  \" \/><\/li><li class=\"vfb-item vfb-item-email  \" id=\"item-vfb-23\"><label for=\"vfb-23\" class=\"vfb-desc\">E-post:  <span class=\"vfb-required-asterisk\">*<\/span><\/label><input type=\"email\" name=\"vfb-23\" id=\"vfb-23\" value=\"\" class=\"vfb-text  vfb-medium  required  email \" \/><\/li><li class=\"vfb-item vfb-item-text  \" id=\"item-vfb-36\"><label for=\"vfb-36\" class=\"vfb-desc\">Mobiltelefon:  <span class=\"vfb-required-asterisk\">*<\/span><\/label><input type=\"text\" name=\"vfb-36\" id=\"vfb-36\" value=\"\" class=\"vfb-text  vfb-medium  required  \" \/><\/li><div id=\"item-vfb-25\" class=\"vfb-section-div \"><h4>Opplysninger om kj\u00f8ret\u00f8y:<\/h4><\/div><div class=\"vfb-clear\"><\/div><li class=\"vfb-item vfb-item-text  \" id=\"item-vfb-28\"><label for=\"vfb-28\" class=\"vfb-desc\">Registreringsnummer:  <span class=\"vfb-required-asterisk\">*<\/span><\/label><input type=\"text\" name=\"vfb-28\" id=\"vfb-28\" value=\"\" class=\"vfb-text  vfb-medium  required  \" \/><\/li><li class=\"vfb-item vfb-item-text  \" id=\"item-vfb-29\"><label for=\"vfb-29\" class=\"vfb-desc\">Bilmerke \/ Modell:  <span class=\"vfb-required-asterisk\">*<\/span><\/label><input type=\"text\" name=\"vfb-29\" id=\"vfb-29\" value=\"\" class=\"vfb-text  vfb-medium  required  \" \/><\/li><li class=\"vfb-item vfb-item-radio  \" id=\"item-vfb-30\"><label class=\"vfb-desc\">Har du dekk p\u00e5 v\u00e5rt dekkhotell?  <span class=\"vfb-required-asterisk\">*<\/span><\/label><div><span class=\"vfb-span\"><input type=\"radio\" name=\"vfb-30\" id=\"vfb-30-1\" value=\"Ja\" class=\"vfb-radio  required \" \/><label for=\"vfb-30-1\" class=\"vfb-choice\">Ja<\/label><\/span><span class=\"vfb-span\"><input type=\"radio\" name=\"vfb-30\" id=\"vfb-30-2\" value=\"Nei\" class=\"vfb-radio  required \" \/><label for=\"vfb-30-2\" class=\"vfb-choice\">Nei<\/label><\/span><div style=\"clear:both\"><\/div><\/div><\/li><div id=\"item-vfb-31\" class=\"vfb-section-div \"><h4>Tidspunkt for \u00f8nsket time for dekkskift:<\/h4><\/div><div class=\"vfb-clear\"><\/div><li class=\"vfb-item vfb-item-date  \" id=\"item-vfb-33\"><label for=\"vfb-33\" class=\"vfb-desc\">\u00d8nsket dag for dekkskift:  <span class=\"vfb-required-asterisk\">*<\/span><\/label><input type=\"text\" name=\"vfb-33\" id=\"vfb-33\" value=\"\" class=\"vfb-text vfb-date-picker  vfb-medium  required \" data-dp-dateFormat=\"dd\/mm\/yy\" \/><\/li><li class=\"vfb-item vfb-item-select  \" id=\"item-vfb-32\"><label for=\"vfb-32\" class=\"vfb-desc\">Tidspunkt:  <span class=\"vfb-required-asterisk\">*<\/span><\/label><select name=\"vfb-32\" id=\"vfb-32\" class=\"vfb-select  vfb-medium  required \"><option value=\"-velg -\">-velg -<\/option><option value=\"Formiddag (kl. 8:00 - 12:00)\">Formiddag (kl. 8:00 - 12:00)<\/option><option value=\"Ettermiddag (kl. 12:00- 16:00)\">Ettermiddag (kl. 12:00- 16:00)<\/option><option value=\"Har mulighet hele dagen\">Har mulighet hele dagen<\/option><\/select><\/li><div id=\"item-vfb-34\" class=\"vfb-section-div \"><h4>Her kan du legge inn eventuell beskjed- feks. trenger nye dekk, alternativt tidspunkt for time etc.<\/h4><\/div><div class=\"vfb-clear\"><\/div><li class=\"vfb-item vfb-item-textarea  \" id=\"item-vfb-35\"><label for=\"vfb-35\" class=\"vfb-desc\">Beskjed: <\/label><div><textarea name=\"vfb-35\" id=\"vfb-35\" class=\"vfb-textarea  vfb-small  \"><\/textarea><\/div><\/li><\/ul>&nbsp;<\/fieldset><fieldset class=\"vfb-fieldset vfb-fieldset-2 bekreftelse \" id=\"item-vfb-15\" style=\"display:block\"><div class=\"vfb-legend\"><h3>Bekreftelse<\/h3><\/div><ul class=\"vfb-section vfb-section-2\"><li class=\"vfb-item vfb-item-secret\"  style=\"display:block\"><label for=\"vfb-16\" class=\"vfb-desc\">Skriv inn to tilfeldige tall <span class=\"vfb-required-asterisk\">*<\/span><\/label><input type=\"hidden\" name=\"_vfb-secret\" value=\"vfb-16\" \/><span class=\"vfb-span\"><input type=\"text\" name=\"vfb-16\" id=\"vfb-16\" value=\"\" class=\"vfb-text  vfb-small  required {digits:true,maxlength:2,minlength:2} \" style=\"display:block\" \/><label>Eksempel: 12<\/label><\/span><li style=\"display:none;\"><label>This box is for spam protection - <strong>please leave it blank<\/strong>:<\/label><div><input name=\"vfb-spam\" \/><\/div><\/li>\n\t\t\t<li class=\"vfb-item vfb-item-submit\" id=\"item-vfb-17\">\n\t\t\t\t\t\t<input type=\"submit\" name=\"vfb-submit\" id=\"vfb-17\" value=\"Send\" class=\"vfb-submit \" \/>\n\t\t\t\t\t\t<\/li><\/ul>\n\t\t\t<\/fieldset><input type=\"hidden\" name=\"_wp_http_referer\" value=\"\/index.php?rest_route=%2Fwp%2Fv2%2Fpages%2F98\" \/><\/form><\/div> <!-- .visual-form-builder-container -->\n","protected":false},"excerpt":{"rendered":"","protected":false},"author":3,"featured_media":0,"parent":0,"menu_order":0,"comment_status":"closed","ping_status":"closed","template":"","meta":[],"_links":{"self":[{"href":"http:\/\/jd-f.no\/index.php?rest_route=\/wp\/v2\/pages\/98"}],"collection":[{"href":"http:\/\/jd-f.no\/index.php?rest_route=\/wp\/v2\/pages"}],"about":[{"href":"http:\/\/jd-f.no\/index.php?rest_route=\/wp\/v2\/types\/page"}],"author":[{"embeddable":true,"href":"http:\/\/jd-f.no\/index.php?rest_route=\/wp\/v2\/users\/3"}],"replies":[{"embeddable":true,"href":"http:\/\/jd-f.no\/index.php?rest_route=%2Fwp%2Fv2%2Fcomments&post=98"}],"version-history":[{"count":1,"href":"http:\/\/jd-f.no\/index.php?rest_route=\/wp\/v2\/pages\/98\/revisions"}],"predecessor-version":[{"id":100,"href":"http:\/\/jd-f.no\/index.php?rest_route=\/wp\/v2\/pages\/98\/revisions\/100"}],"wp:attachment":[{"href":"http:\/\/jd-f.no\/index.php?rest_route=%2Fwp%2Fv2%2Fmedia&parent=98"}],"curies":[{"name":"wp","href":"https:\/\/api.w.org\/{rel}","templated":true}]}}